{"id":16,"date":"2020-03-22T11:01:45","date_gmt":"2020-03-22T14:01:45","guid":{"rendered":"http:\/\/gruposaudeintegr1.hospedagemdesites.ws\/site2\/?page_id=16"},"modified":"2020-03-26T10:30:21","modified_gmt":"2020-03-26T13:30:21","slug":"historia","status":"publish","type":"page","link":"https:\/\/www.gruposaudeintegral.com.br\/site2\/historia\/","title":{"rendered":"ASPECTOS HIST\u00d3RICOS DO GRUPO SA\u00daDE INTEGRAL &#8211; GSI"},"content":{"rendered":"\n<p>\n1. ASPECTOS HIST\u00d3RICOS<\/p>\n\n\n\n<p>Allan\nKardec, explanando sobre a conveni\u00eancia da multiplica\u00e7\u00e3o dos\ngrupos esp\u00edritas, asseverou claramente, no item 334, do cap\u00edtulo\nXXIX, de O Livro dos M\u00e9diuns (<em>apud<\/em>,\nSeara dos Mediuns, Emmanuel): \u201cesses grupos, correspondendo-se\nentre si, visitando-se, permutando observa\u00e7\u00f5es, podem formar, desde\nj\u00e1, o n\u00facleo da grande fam\u00edlia esp\u00edrita que um dia consorciar\u00e1\ntodas as opini\u00f5es e reunir\u00e1 os homens por um \u00fanico sentimento: o\nda fraternidade, trazendo o cunho da caridade crist\u00e3.\u201d.<\/p>\n\n\n\n<p>O\nGrupo Sa\u00fade Integral (GSI) foi autorizado a funcionar pela chancela\nda diretoria do Departamento Medi\u00fanico do Hospital Esp\u00edrita\nEur\u00edpedes Barsanulfo (Casa de Eur\u00edpedes) em Goi\u00e2nia, em 8 de\nfevereiro de 2008. Ap\u00f3s quatro anos o grupo desligou do hospital e\ndemandou outros s\u00edtios com esperan\u00e7a de amplia\u00e7\u00e3o de nossa\ncapacidade de trabalho pela amplia\u00e7\u00e3o dos v\u00ednculos entre todos os\nmembros do grupo.<\/p>\n\n\n\n<p>Apesar\ndo grupo n\u00e3o possuir um local f\u00edsico para se estabelecer de forma\ndefinitiva, sempre contou com a f\u00e9 na assist\u00eancia espiritual, a\nbondade das casas esp\u00edritas que o acolhia e, acima de tudo,\nlembrava-se das afirmativas de Kardec no Livro dos M\u00e9diuns, do mesmo\ncap\u00edtulo j\u00e1 citado, no item 331: \u201cuma reuni\u00e3o \u00e9 um ser\ncoletivo, cujas qualidades e propriedades s\u00e3o a resultante das de\nseus membros e formam como que um feixe. Ora, este feixe tanto mais\nfor\u00e7a ter\u00e1, quanto mais homog\u00eaneo for.\u201d.<\/p>\n\n\n\n<p>Nessa\n\u00e9poca o grupo iniciou suas atividades de forma peculiar porque n\u00e3o\nhavia estrutura f\u00edsica pr\u00f3pria e, frequentemente, era realocados\npara outro setor do hospital, sem aviso pr\u00e9vio. Mesmo assim os\nestudos e as tarefas medi\u00fanicas gradualmente se estabeleceram e os\nfrutos do trabalho foram colhidos, o que assinalou para todos a\nassist\u00eancia espiritual superior e a import\u00e2ncia do trabalho.<\/p>\n\n\n\n<p>O\ngrupo desenvolveu uma nuclea\u00e7\u00e3o em torno dos objetivos da\nmediunidade com Jesus. Foram elas: as reuni\u00f5es de estudo e trabalho\nno campo dos esclarecimentos doutrin\u00e1rios e a terap\u00eautica\ndesobsessiva, ou seja, socorro e atendimento de pessoas portadoras de\nsofrimento ps\u00edquico, internadas ou n\u00e3o, todas na Casa de Eur\u00edpedes.\nO projeto inicial era permanecer seis meses em estudos de revis\u00e3o\nsobre mediunidade e aspectos ligados \u00e0 doutrina esp\u00edrita.<\/p>\n\n\n\n<p>A\nequipe espiritual orientou o grupo que, juntamente com os estudos,\nn\u00e3o podia mais adiar o atendimento de verdadeira multid\u00e3o de\nesp\u00edritos sofredores que batia \u00e0s portas do hospital, em busca de\nsocorro e consolo.<\/p>\n\n\n\n<p>O\nGSI iniciou com atendimentos de pacientes dos ambulat\u00f3rios que\nbuscavam a institui\u00e7\u00e3o para tratamento psiqui\u00e1trico, convidando-os\npara participarem das atividades Psicoeducativas.<\/p>\n\n\n\n<p>Dessa\nforma, no segundo semestre de 2008, teve in\u00edcio as aulas de\nesclarecimentos, denominadas como psicoeduca\u00e7\u00e3o. Tais aulas\napresentaram um perfil diferente de palestras esp\u00edritas de cunhos\nmoral e doutrin\u00e1rio, pois os temas eram direcionados \u00e0s situa\u00e7\u00f5es\nenfrentadas pelos pacientes e familiares dentro do paradigma\nm\u00e9dico-esp\u00edrita.<\/p>\n\n\n\n<p>Devido\nao \u00f3timo resultado obtido, os pacientes do consult\u00f3rio privado\ntamb\u00e9m foram convidados a participarem da psicoeduca\u00e7\u00e3o.<\/p>\n\n\n\n<p>Na\ntrajet\u00f3ria do GSI observou-se o crescimento constante do n\u00famero de\nm\u00e9diuns e na especializa\u00e7\u00e3o medi\u00fanica, buscando melhor\nacolhimento para as dif\u00edceis condi\u00e7\u00f5es decorrentes de obsess\u00f5es\ncomplexas em portadores de transtornos mentais, muitos deles\nconsiderados pela psiquiatria como casos refrat\u00e1rios ao arsenal\npsicofarmacol\u00f3gico da ci\u00eancia m\u00e9dica.<\/p>\n\n\n\n<p>Com\no passar do tempo, as dificuldades cr\u00f4nicas com o ambiente f\u00edsico\ninterferiram no bom funcionamento das atividades Psicoeducativas e\ndesobsessivas. \n<\/p>\n\n\n\n<p>O\nGSI manteve o padr\u00e3o de funcionamento para evitar preju\u00edzos nas\natividades do grupo. Em decorr\u00eancia dessas dificuldades, em 2013, o\ngrupo optou pela mudan\u00e7a, ap\u00f3s convite da diretoria, para o CENTRO\nESP\u00cdRITA MEIMEI, onde permaneceu por cinco anos.<\/p>\n\n\n\n<p>Esta\nfase do grupo foi marcada por grande evolu\u00e7\u00e3o e crescimento, pois a\ncasa que o acolheu ofereceu grande e confort\u00e1vel sal\u00e3o para as\natividades Psicoeducativas e um ambiente est\u00e1vel para desenvolver as\natividades de tratamento espiritual.<\/p>\n\n\n\n<p>Devido\na demanda crescente dos atendimentos, mais uma vez tornou-se\nnecess\u00e1rio a mudan\u00e7a para um local onde teria espa\u00e7o para novas\nsalas de passe. Deu-se ent\u00e3o a mudan\u00e7a para a terceira institui\u00e7\u00e3o:\nCENTRO ESP\u00cdRITA IRM\u00c3 SCHEILLA.<\/p>\n\n\n\n<p>Nessa\ncasa esp\u00edrita recebemos a op\u00e7\u00e3o de funcionar no espa\u00e7o f\u00edsico de\numa escola desativada, permitindo a amplia\u00e7\u00e3o dos atendimentos com\na estrutura\u00e7\u00e3o de tr\u00eas salas de passe, uma sala medi\u00fanica, uma\nsala de vibra\u00e7\u00e3o e um sal\u00e3o pequeno para as atividades\nPsicoeducativas.<\/p>\n\n\n\n<p>Com\na amplia\u00e7\u00e3o do n\u00famero de salas de tratamento, o grupo conseguiu\natender um maior n\u00famero de pacientes encurtando o tempo de espera\npara o encaminhamento para as salas de passe.<\/p>\n\n\n\n<p>Apesar\ndas vantagens, a necessidade de montar e desmontar todas as salas no\nin\u00edcio e no t\u00e9rmino das atividades grupais prejudicava os estudos e\ndiscuss\u00f5es dos temas doutrin\u00e1rios e educa\u00e7\u00e3o medi\u00fanica, por\ntomar grande parte do tempo. \n<\/p>\n\n\n\n<p>O\ntrabalho prosseguiu produtivo e nesta fase a equipe espiritual\norientou que, pelo grupo ter alcan\u00e7ado a maturidade e estabilidade,\nhouve a necessidade de ampliar os cuidados e vigil\u00e2ncias, pois\nassumiu mais responsabilidades.<\/p>\n\n\n\n<p>Em\num ano de perman\u00eancia no Centro Esp\u00edrita Irm\u00e3 Scheilla, o grupo\ncresceu em n\u00famero e qualidade e ampliou v\u00e1rias pr\u00e1ticas de\nfortalecimento, como: encontros de confraterniza\u00e7\u00f5es, atividades de\nvibra\u00e7\u00e3o, semin\u00e1rios semestrais e tratamento em favor do grupo em\nencontros quinzenais.  As entidades que se destacam por comandar\nequipes e falanges de obsessores treinados nas lides obsessivas\ncomplexas, que se sentem afetadas pelas pr\u00e1ticas desobsessivas do\nGSI, s\u00e3o encaminhadas pela equipe espiritual para atendimento nesses\nencontros quinzenais, ap\u00f3s meticulosa prote\u00e7\u00e3o do m\u00e9dium. \n<\/p>\n\n\n\n<p>Em\nmar\u00e7o de 2020, infelizmente, apesar do crescimento no Scheilla, o\ngrupo teve que deixar esta casa, por conta do espa\u00e7o insuficiente na\nsala de psicoeduca\u00e7\u00e3o e preju\u00edzo nos estudos, pela log\u00edstica de\nmontar e desmontar os ambientes de tratamento. \n<\/p>\n\n\n\n<p>Ficou\nagendada para dia 23 de mar\u00e7o a inaugura\u00e7\u00e3o das atividades em um\nnovo espa\u00e7o, a Institui\u00e7\u00e3o Educacional Aprendizes do Evangelho, em\nAparecida de Goi\u00e2nia. \n<\/p>\n\n\n\n<p>Neste\nespa\u00e7o h\u00e1 um amplo audit\u00f3rio, com capacidade para mais de 200\npessoas e salas permanentes de desobsess\u00e3o e passe, finalizando o\nlongo per\u00edodo (doze anos) de montar e desmontar salas medi\u00fanicas e\nde passe para realizar as atividades do grupo.<\/p>\n\n\n\n<p>\n\u00c9 preciso ressaltar que o\ngrupo vai aguardar condi\u00e7\u00f5es excepcionais que nunca, em sua\nexist\u00eancia de 12 anos, tinha acontecido: o funcionamento atrav\u00e9s\ndos encontros, semanais e di\u00e1rios, de vibra\u00e7\u00e3o \u00e0 dist\u00e2ncia, por\nconta da pandemia do COVID-19 e as orienta\u00e7\u00f5es das autoridades\nsanit\u00e1rias de evitar aglomera\u00e7\u00f5es.<\/p>\n\n\n\n<p>Neste\nm\u00eas de mar\u00e7o, tamb\u00e9m ser\u00e1 a inaugura\u00e7\u00e3o do site, ampliando o\nalcance das atividades educativas para um n\u00famero maior de pessoas.\nOutrossim, este ano, dar\u00e1 o in\u00edcio de campanhas para a constru\u00e7\u00e3o\nda sede pr\u00f3pria, bem como do lan\u00e7amento do primeiro projeto\nliter\u00e1rio, descrevendo as atividades e a evolu\u00e7\u00e3o do grupo em mais\nde uma d\u00e9cada unidos pela fraternidade e pela coordena\u00e7\u00e3o de nosso\nsenhor Jesus Cristo. O prop\u00f3sito deste livro, que est\u00e1 em adiantado\nprocesso de constru\u00e7\u00e3o, \u00e9 oferecer nossas experi\u00eancias pr\u00e1ticas\nsobre a estrutura\u00e7\u00e3o de um grupo de especializa\u00e7\u00e3o medi\u00fanica no\natendimento de transtornos psiqui\u00e1tricos.<\/p>\n\n\n\n<p>O\ntratamento espiritual e a psicoeduca\u00e7\u00e3o, desde a sua primeira\nreuni\u00e3o, at\u00e9 hoje, sempre ser\u00e1 um trabalho absolutamente\nvolunt\u00e1rio, gratuito, conforme os postulados esp\u00edritas orientam\nsobre os trabalhos medi\u00fanicos. E, apesar de embasar suas\nconsidera\u00e7\u00f5es nos postulados esp\u00edritas, \u00e9 absolutamente ecum\u00eanico\nno acolhimento daqueles que batem \u00e0 sua porta em busca de al\u00edvio\npara as suas dores.<\/p>\n","protected":false},"excerpt":{"rendered":"<p>1. ASPECTOS HIST\u00d3RICOS Allan Kardec, explanando sobre a conveni\u00eancia da multiplica\u00e7\u00e3o dos grupos esp\u00edritas, asseverou claramente, no item 334, do cap\u00edtulo XXIX, de O Livro dos M\u00e9diuns (apud, Seara dos Mediuns, Emmanuel): \u201cesses grupos, correspondendo-se entre si, visitando-se, permutando observa\u00e7\u00f5es, podem formar, desde j\u00e1, o n\u00facleo da grande fam\u00edlia esp\u00edrita que um dia consorciar\u00e1 todas as opini\u00f5es e reunir\u00e1 os homens por um \u00fanico sentimento: o da fraternidade, trazendo o cunho da caridade crist\u00e3.\u201d. O Grupo Sa\u00fade Integral (GSI) foi&#8230;<\/p>\n<p class=\"read-more\"><a class=\"btn btn-default\" href=\"https:\/\/www.gruposaudeintegral.com.br\/site2\/historia\/\"> Read More<span class=\"screen-reader-text\">  Read More<\/span><\/a><\/p>\n","protected":false},"author":1,"featured_media":0,"parent":0,"menu_order":0,"comment_status":"closed","ping_status":"closed","template":"","meta":{"_exactmetrics_skip_tracking":false,"_exactmetrics_sitenote_active":false,"_exactmetrics_sitenote_note":"","_exactmetrics_sitenote_category":0},"_links":{"self":[{"href":"https:\/\/www.gruposaudeintegral.com.br\/site2\/wp-json\/wp\/v2\/pages\/16"}],"collection":[{"href":"https:\/\/www.gruposaudeintegral.com.br\/site2\/wp-json\/wp\/v2\/pages"}],"about":[{"href":"https:\/\/www.gruposaudeintegral.com.br\/site2\/wp-json\/wp\/v2\/types\/page"}],"author":[{"embeddable":true,"href":"https:\/\/www.gruposaudeintegral.com.br\/site2\/wp-json\/wp\/v2\/users\/1"}],"replies":[{"embeddable":true,"href":"https:\/\/www.gruposaudeintegral.com.br\/site2\/wp-json\/wp\/v2\/comments?post=16"}],"version-history":[{"count":12,"href":"https:\/\/www.gruposaudeintegral.com.br\/site2\/wp-json\/wp\/v2\/pages\/16\/revisions"}],"predecessor-version":[{"id":96,"href":"https:\/\/www.gruposaudeintegral.com.br\/site2\/wp-json\/wp\/v2\/pages\/16\/revisions\/96"}],"wp:attachment":[{"href":"https:\/\/www.gruposaudeintegral.com.br\/site2\/wp-json\/wp\/v2\/media?parent=16"}],"curies":[{"name":"wp","href":"https:\/\/api.w.org\/{rel}","templated":true}]}}