{"id":39,"date":"2020-03-24T10:19:42","date_gmt":"2020-03-24T13:19:42","guid":{"rendered":"http:\/\/gruposaudeintegr1.hospedagemdesites.ws\/site2\/?page_id=39"},"modified":"2020-04-09T16:24:51","modified_gmt":"2020-04-09T19:24:51","slug":"seminarios-gsi","status":"publish","type":"page","link":"https:\/\/www.gruposaudeintegral.com.br\/site2\/seminarios-gsi\/","title":{"rendered":"Semin\u00e1rios &#8211; GSI"},"content":{"rendered":"\n<p>Segue abaixo na imagem o link para download do I Semin\u00e1rio de Integra\u00e7\u00e3o de Saberes. <\/p>\n\n\n\n<p>O semin\u00e1rio esta dividido em 3 partes. <\/p>\n\n\n\n<p>Bons estudos. <\/p>\n\n\n\n<figure class=\"wp-block-image size-large is-resized\"><a href=\"https:\/\/www.gruposaudeintegral.com.br\/site2\/wp-content\/uploads\/2020\/04\/Parte1.pdf\"><img decoding=\"async\" loading=\"lazy\" src=\"https:\/\/www.gruposaudeintegral.com.br\/site2\/wp-content\/uploads\/2020\/04\/Semninario-Integra\u00e7\u00e3o-dos-Saberes.jpg\" alt=\"\" class=\"wp-image-254\" width=\"718\" height=\"411\" srcset=\"https:\/\/www.gruposaudeintegral.com.br\/site2\/wp-content\/uploads\/2020\/04\/Semninario-Integra\u00e7\u00e3o-dos-Saberes.jpg 990w, https:\/\/www.gruposaudeintegral.com.br\/site2\/wp-content\/uploads\/2020\/04\/Semninario-Integra\u00e7\u00e3o-dos-Saberes-300x172.jpg 300w, https:\/\/www.gruposaudeintegral.com.br\/site2\/wp-content\/uploads\/2020\/04\/Semninario-Integra\u00e7\u00e3o-dos-Saberes-768x441.jpg 768w, https:\/\/www.gruposaudeintegral.com.br\/site2\/wp-content\/uploads\/2020\/04\/Semninario-Integra\u00e7\u00e3o-dos-Saberes-471x270.jpg 471w\" sizes=\"(max-width: 718px) 100vw, 718px\" \/><\/a><\/figure>\n\n\n\n<figure class=\"wp-block-image size-large is-resized\"><a href=\"https:\/\/www.gruposaudeintegral.com.br\/site2\/wp-content\/uploads\/2020\/04\/Parte-2.pdf\"><img decoding=\"async\" loading=\"lazy\" src=\"https:\/\/www.gruposaudeintegral.com.br\/site2\/wp-content\/uploads\/2020\/04\/Semninario-Integra\u00e7\u00e3o-dos-Saberes-parte-2.jpg\" alt=\"\" class=\"wp-image-258\" width=\"716\" height=\"418\" srcset=\"https:\/\/www.gruposaudeintegral.com.br\/site2\/wp-content\/uploads\/2020\/04\/Semninario-Integra\u00e7\u00e3o-dos-Saberes-parte-2.jpg 954w, https:\/\/www.gruposaudeintegral.com.br\/site2\/wp-content\/uploads\/2020\/04\/Semninario-Integra\u00e7\u00e3o-dos-Saberes-parte-2-300x175.jpg 300w, https:\/\/www.gruposaudeintegral.com.br\/site2\/wp-content\/uploads\/2020\/04\/Semninario-Integra\u00e7\u00e3o-dos-Saberes-parte-2-768x449.jpg 768w, https:\/\/www.gruposaudeintegral.com.br\/site2\/wp-content\/uploads\/2020\/04\/Semninario-Integra\u00e7\u00e3o-dos-Saberes-parte-2-462x270.jpg 462w\" sizes=\"(max-width: 716px) 100vw, 716px\" \/><\/a><\/figure>\n\n\n\n<figure class=\"wp-block-image size-large is-resized\"><a href=\"https:\/\/www.gruposaudeintegral.com.br\/site2\/wp-content\/uploads\/2020\/04\/Parte-3.pdf\"><img decoding=\"async\" loading=\"lazy\" src=\"https:\/\/www.gruposaudeintegral.com.br\/site2\/wp-content\/uploads\/2020\/04\/Semninario-Integra\u00e7\u00e3o-dos-Saberes-parte-3.jpg\" alt=\"\" class=\"wp-image-259\" width=\"723\" height=\"411\" srcset=\"https:\/\/www.gruposaudeintegral.com.br\/site2\/wp-content\/uploads\/2020\/04\/Semninario-Integra\u00e7\u00e3o-dos-Saberes-parte-3.jpg 976w, https:\/\/www.gruposaudeintegral.com.br\/site2\/wp-content\/uploads\/2020\/04\/Semninario-Integra\u00e7\u00e3o-dos-Saberes-parte-3-300x171.jpg 300w, https:\/\/www.gruposaudeintegral.com.br\/site2\/wp-content\/uploads\/2020\/04\/Semninario-Integra\u00e7\u00e3o-dos-Saberes-parte-3-768x438.jpg 768w, https:\/\/www.gruposaudeintegral.com.br\/site2\/wp-content\/uploads\/2020\/04\/Semninario-Integra\u00e7\u00e3o-dos-Saberes-parte-3-474x270.jpg 474w\" sizes=\"(max-width: 723px) 100vw, 723px\" \/><\/a><\/figure>\n","protected":false},"excerpt":{"rendered":"<p>Segue abaixo na imagem o link para download do I Semin\u00e1rio de Integra\u00e7\u00e3o de Saberes. O semin\u00e1rio esta dividido em 3 partes. Bons estudos.<\/p>\n","protected":false},"author":1,"featured_media":0,"parent":0,"menu_order":0,"comment_status":"closed","ping_status":"closed","template":"","meta":{"_exactmetrics_skip_tracking":false,"_exactmetrics_sitenote_active":false,"_exactmetrics_sitenote_note":"","_exactmetrics_sitenote_category":0},"_links":{"self":[{"href":"https:\/\/www.gruposaudeintegral.com.br\/site2\/wp-json\/wp\/v2\/pages\/39"}],"collection":[{"href":"https:\/\/www.gruposaudeintegral.com.br\/site2\/wp-json\/wp\/v2\/pages"}],"about":[{"href":"https:\/\/www.gruposaudeintegral.com.br\/site2\/wp-json\/wp\/v2\/types\/page"}],"author":[{"embeddable":true,"href":"https:\/\/www.gruposaudeintegral.com.br\/site2\/wp-json\/wp\/v2\/users\/1"}],"replies":[{"embeddable":true,"href":"https:\/\/www.gruposaudeintegral.com.br\/site2\/wp-json\/wp\/v2\/comments?post=39"}],"version-history":[{"count":6,"href":"https:\/\/www.gruposaudeintegral.com.br\/site2\/wp-json\/wp\/v2\/pages\/39\/revisions"}],"predecessor-version":[{"id":263,"href":"https:\/\/www.gruposaudeintegral.com.br\/site2\/wp-json\/wp\/v2\/pages\/39\/revisions\/263"}],"wp:attachment":[{"href":"https:\/\/www.gruposaudeintegral.com.br\/site2\/wp-json\/wp\/v2\/media?parent=39"}],"curies":[{"name":"wp","href":"https:\/\/api.w.org\/{rel}","templated":true}]}}